{"id":31,"date":"2020-08-11T15:29:08","date_gmt":"2020-08-11T13:29:08","guid":{"rendered":"https:\/\/alicemusiol.com\/?page_id=31"},"modified":"2024-09-07T15:37:34","modified_gmt":"2024-09-07T13:37:34","slug":"cv","status":"publish","type":"page","link":"https:\/\/alicemusiol.com\/en\/cv\/","title":{"rendered":"CV"},"content":{"rendered":"<div class=\"wpb-content-wrapper\">[vc_row][vc_column width=&#8221;1\/4&#8243;][vc_single_image image=&#8221;636&#8243;][\/vc_column][vc_column width=&#8221;3\/4&#8243;][vc_column_text font_family=&#8221;Arial, Helvetica, sans-serif&#8221;]Works by Alice Musiol cover a broad spectrum of media: drawings, prints, pieces for the wall, objects, sculptures, installations, image projections \u2013 with the exception of photography and painting in the classic sense, you can find almost everything contemporary art has to offer regarding forms of expression. For all of this, it is not so much the medium that is central, but the fundamental attitude that causes the work to come about.<span class=\"Apple-converted-space\">\u00a0<\/span><\/p>\n<p>Although Musiol becomes highly involved with situations, with spaces, with a repertory of things at hand \u2013 the material, objects, work possibilities, etc. \u2013 it is the reference to her own personal identity, her biography, her body experience, her own timescales and the possibilities linked with this that always form the focus of her creative work.<\/p>\n<p><em>Dr. Reinhard Spieler, Sprengel Museum Hannover<\/em>[\/vc_column_text][vc_empty_space height=&#8221;24px&#8221;][vc_column_text]<strong>VITA<br \/>\n<\/strong>born in Katowice, based in Cologne<\/p>\n\n<table id=\"tablepress-2\" class=\"tablepress tablepress-id-2\">\n<tbody>\n<tr class=\"row-1\">\n\t<td class=\"column-1\">1996-99<\/td><td class=\"column-2\">Kunstakademie D\u00fcsseldorf with Prof. A.R. Penck, Master Student<\/td>\n<\/tr>\n<tr class=\"row-2\">\n\t<td class=\"column-1\">1993-96<\/td><td class=\"column-2\">Academie Beeldende Kunsten, Maastricht<\/td>\n<\/tr>\n<\/tbody>\n<\/table>\n<!-- #tablepress-2 from cache -->\n<h2 id=\"tablepress-3-name\" class=\"tablepress-table-name tablepress-table-name-id-3\">Selected Awards<\/h2>\n\n<table id=\"tablepress-3\" class=\"tablepress tablepress-id-3\" aria-labelledby=\"tablepress-3-name\">\n<tbody>\n<tr class=\"row-1\">\n\t<td class=\"column-1\">2024<\/td><td class=\"column-2\">Artist of the Year, P\u00fctz-Roth, Bergisch-Gladbach<\/td>\n<\/tr>\n<tr class=\"row-2\">\n\t<td class=\"column-1\">2024<\/td><td class=\"column-2\">Artist Residency, Frans Masereel Centrum, Kasterlee<\/td>\n<\/tr>\n<tr class=\"row-3\">\n\t<td class=\"column-1\">2023<\/td><td class=\"column-2\">Project Grant, NEUSTARTplus, Stiftung Kunstfonds<\/td>\n<\/tr>\n<tr class=\"row-4\">\n\t<td class=\"column-1\">2020<\/td><td class=\"column-2\">Project Grant, NEUSTART Kultur, Stiftung Kunstfonds<\/td>\n<\/tr>\n<tr class=\"row-5\">\n\t<td class=\"column-1\">2017<\/td><td class=\"column-2\">Artist Residency, Casa Baldi, German Academy of Rome<\/td>\n<\/tr>\n<tr class=\"row-6\">\n\t<td class=\"column-1\">2013-15<\/td><td class=\"column-2\">Dorothea-Erxleben-Programm, State of Lower Saxony\/HBK Braunschweig<\/td>\n<\/tr>\n<tr class=\"row-7\">\n\t<td class=\"column-1\">2012<\/td><td class=\"column-2\">Project Grant, Theodor-K\u00f6rner-Fonds, Vienna<\/td>\n<\/tr>\n<tr class=\"row-8\">\n\t<td class=\"column-1\">2006<\/td><td class=\"column-2\">Working Grant, Presence on Site, State of North Rhine-Westphalia<\/td>\n<\/tr>\n<tr class=\"row-9\">\n\t<td class=\"column-1\">2003<\/td><td class=\"column-2\">Project Grant, Kunststiftung NRW, stay in Canada<\/td>\n<\/tr>\n<tr class=\"row-10\">\n\t<td class=\"column-1\">1999<\/td><td class=\"column-2\">Transfer, Artist Exchange Programme, Kultursekretariat NRW<\/td>\n<\/tr>\n<tr class=\"row-11\">\n\t<td class=\"column-1\">1998<\/td><td class=\"column-2\">Bonn Art Award, Kunstmuseum Bonn<\/td>\n<\/tr>\n<tr class=\"row-12\">\n\t<td class=\"column-1\">1995-96<\/td><td class=\"column-2\">Erasmus Scholarship at Nuova Accademia di Belle Arti, Milan<\/td>\n<\/tr>\n<\/tbody>\n<\/table>\n<!-- #tablepress-3 from cache -->\n<h2 id=\"tablepress-4-name\" class=\"tablepress-table-name tablepress-table-name-id-4\">Teaching<\/h2>\n\n<table id=\"tablepress-4\" class=\"tablepress tablepress-id-4\" aria-labelledby=\"tablepress-4-name\">\n<tbody>\n<tr class=\"row-1\">\n\t<td class=\"column-1\">2013-15<\/td><td class=\"column-2\">HBK Braunschweig<\/td>\n<\/tr>\n<tr class=\"row-2\">\n\t<td class=\"column-1\">2012<\/td><td class=\"column-2\">Freie Kunstakademie Mannheim<\/td>\n<\/tr>\n<\/tbody>\n<\/table>\n<!-- #tablepress-4 from cache -->\n<h2 id=\"tablepress-6-name\" class=\"tablepress-table-name tablepress-table-name-id-6\">Selected Lectures<\/h2>\n\n<table id=\"tablepress-6\" class=\"tablepress tablepress-id-6\" aria-labelledby=\"tablepress-6-name\">\n<tbody>\n<tr class=\"row-1\">\n\t<td class=\"column-1\">2024<\/td><td class=\"column-2\">Hochschule Hannover,<br \/>\nFakult\u00e4t Medien, Information und Design<\/td>\n<\/tr>\n<tr class=\"row-2\">\n\t<td class=\"column-1\">2022<\/td><td class=\"column-2\">Universit\u00e4t Osnabr\u00fcck, Fakult\u00e4t Kunst\/Kunstp\u00e4dagogik<\/td>\n<\/tr>\n<tr class=\"row-3\">\n\t<td class=\"column-1\">2019<\/td><td class=\"column-2\">Hochschule D\u00fcsseldorf, Fakult\u00e4t Kultur- und Sozialwissenschaften<\/td>\n<\/tr>\n<tr class=\"row-4\">\n\t<td class=\"column-1\">2018<\/td><td class=\"column-2\">Technische Universit\u00e4t Dortmund, Fakult\u00e4t Kunst- und Sportwissenschaften<\/td>\n<\/tr>\n<tr class=\"row-5\">\n\t<td class=\"column-1\">2017<\/td><td class=\"column-2\">Hochschule Trier<br \/>\n<\/td>\n<\/tr>\n<tr class=\"row-6\">\n\t<td class=\"column-1\">2015<\/td><td class=\"column-2\">Hochschule der bildenden K\u00fcnste Essen<\/td>\n<\/tr>\n<tr class=\"row-7\">\n\t<td class=\"column-1\">2013<\/td><td class=\"column-2\">HBK Braunschweig<\/td>\n<\/tr>\n<tr class=\"row-8\">\n\t<td class=\"column-1\">2012<\/td><td class=\"column-2\">Freie Kunstakademie Mannheim<\/td>\n<\/tr>\n<\/tbody>\n<\/table>\n<!-- #tablepress-6 from cache -->\n<p><strong>COLLECTIONS<br \/>\n<\/strong>Sprengel Museum Hannover<br \/>\nKunstmuseum Villa Zanders, Bergisch-Gladbach<br \/>\nWilhelm-Hack-Museum, Ludwigshafen<br \/>\nGalerie der Stadt Backnang<br \/>\nSammlung Wolfgang Hanck, Museum Kunstpalast, D\u00fcsseldorf<br \/>\nSammlung Peter Tedden, D\u00fcsseldorf\/Oberhausen<br \/>\nHannover R\u00fcck SE<br \/>\nDeutscher Herold, Bonn[\/vc_column_text][\/vc_column][\/vc_row]\n<\/div>","protected":false},"excerpt":{"rendered":"<p>[vc_row][vc_column width=&#8221;1\/4&#8243;][vc_single_image image=&#8221;636&#8243;][\/vc_column][vc_column width=&#8221;3\/4&#8243;][vc_column_text font_family=&#8221;Arial, Helvetica, sans-serif&#8221;]Works by Alice Musiol cover a broad spectrum of media: drawings, prints, pieces for the wall, objects, sculptures, installations, image projections \u2013 with the exception of photography and painting in the classic sense, you can find almost everything contemporary art has to offer regarding forms of expression. For all&hellip;<\/p>\n","protected":false},"author":2,"featured_media":0,"parent":0,"menu_order":0,"comment_status":"closed","ping_status":"open","template":"","meta":{"footnotes":""},"class_list":["post-31","page","type-page","status-publish","hentry","entry","no-media"],"_links":{"self":[{"href":"https:\/\/alicemusiol.com\/en\/wp-json\/wp\/v2\/pages\/31","targetHints":{"allow":["GET"]}}],"collection":[{"href":"https:\/\/alicemusiol.com\/en\/wp-json\/wp\/v2\/pages"}],"about":[{"href":"https:\/\/alicemusiol.com\/en\/wp-json\/wp\/v2\/types\/page"}],"author":[{"embeddable":true,"href":"https:\/\/alicemusiol.com\/en\/wp-json\/wp\/v2\/users\/2"}],"replies":[{"embeddable":true,"href":"https:\/\/alicemusiol.com\/en\/wp-json\/wp\/v2\/comments?post=31"}],"version-history":[{"count":43,"href":"https:\/\/alicemusiol.com\/en\/wp-json\/wp\/v2\/pages\/31\/revisions"}],"predecessor-version":[{"id":2009,"href":"https:\/\/alicemusiol.com\/en\/wp-json\/wp\/v2\/pages\/31\/revisions\/2009"}],"wp:attachment":[{"href":"https:\/\/alicemusiol.com\/en\/wp-json\/wp\/v2\/media?parent=31"}],"curies":[{"name":"wp","href":"https:\/\/api.w.org\/{rel}","templated":true}]}}