{"id":2,"date":"2020-08-11T13:46:58","date_gmt":"2020-08-11T11:46:58","guid":{"rendered":"https:\/\/alicemusiol.com\/?page_id=2"},"modified":"2026-04-12T13:33:05","modified_gmt":"2026-04-12T11:33:05","slug":"alicemusiol","status":"publish","type":"page","link":"https:\/\/alicemusiol.com\/de\/","title":{"rendered":"Startseite"},"content":{"rendered":"<div class=\"wpb-content-wrapper\">[vc_row full_width=&#8220;stretch_row&#8220; full_height=&#8220;yes&#8220; typography_style=&#8220;white&#8220; css=&#8220;.vc_custom_1679321017355{background: #000000 url(https:\/\/alicemusiol.com\/de\/wp-content\/uploads\/Startseite_Alice-Musiol_Materia_2016_300x420x150cm-Velours-Holz_Detail-I.jpg?id=678) !important;background-position: center !important;background-repeat: no-repeat !important;background-size: cover !important;}&#8220; el_id=&#8220;am-home-image-container&#8220;][vc_column][vc_row_inner gap=&#8220;35&#8243;][vc_column_inner width=&#8220;1\/2&#8243;][vc_column_text css=&#8220;&#8220; color=&#8220;#ffffff&#8220;][\/vc_column_text][\/vc_column_inner][vc_column_inner width=&#8220;1\/2&#8243;][vc_column_text css=&#8220;&#8220;][\/vc_column_text][\/vc_column_inner][\/vc_row_inner][vc_row_inner gap=&#8220;35&#8243;][vc_column_inner width=&#8220;1\/2&#8243;][vc_column_text css=&#8220;&#8220; color=&#8220;#ffffff&#8220;]<strong>JAHRESK\u00dcNSTLERIN BEI P\u00dcTZ-ROTH<br \/>\nFINISSAGE: 11.09.2026 UM 19 UHR<br \/>\n<\/strong><a href=\"https:\/\/www.puetz-roth.de\/2024-alice-musiol\/\">P\u00dcTZ-ROTH<\/a>, BERGISCH-GLADBACH<br \/>\nZUR FINISSAGE ERSCHEINT EIN KATALOG[\/vc_column_text][\/vc_column_inner][vc_column_inner width=&#8220;1\/2&#8243;][vc_column_text css=&#8220;&#8220;][\/vc_column_text][\/vc_column_inner][\/vc_row_inner][\/vc_column][\/vc_row]\n<\/div>","protected":false},"excerpt":{"rendered":"<p>[vc_row full_width=&#8220;stretch_row&#8220; full_height=&#8220;yes&#8220; typography_style=&#8220;white&#8220; css=&#8220;.vc_custom_1679321017355{background: #000000 url(https:\/\/alicemusiol.com\/de\/wp-content\/uploads\/Startseite_Alice-Musiol_Materia_2016_300x420x150cm-Velours-Holz_Detail-I.jpg?id=678) !important;background-position: center !important;background-repeat: no-repeat !important;background-size: cover !important;}&#8220; el_id=&#8220;am-home-image-container&#8220;][vc_column][vc_row_inner gap=&#8220;35&#8243;][vc_column_inner width=&#8220;1\/2&#8243;][vc_column_text css=&#8220;&#8220; color=&#8220;#ffffff&#8220;][\/vc_column_text][\/vc_column_inner][vc_column_inner width=&#8220;1\/2&#8243;][vc_column_text css=&#8220;&#8220;][\/vc_column_text][\/vc_column_inner][\/vc_row_inner][vc_row_inner gap=&#8220;35&#8243;][vc_column_inner width=&#8220;1\/2&#8243;][vc_column_text css=&#8220;&#8220; color=&#8220;#ffffff&#8220;]JAHRESK\u00dcNSTLERIN BEI P\u00dcTZ-ROTH FINISSAGE: 11.09.2026 UM 19 UHR P\u00dcTZ-ROTH, BERGISCH-GLADBACH ZUR FINISSAGE ERSCHEINT EIN KATALOG[\/vc_column_text][\/vc_column_inner][vc_column_inner width=&#8220;1\/2&#8243;][vc_column_text css=&#8220;&#8220;][\/vc_column_text][\/vc_column_inner][\/vc_row_inner][\/vc_column][\/vc_row]<\/p>\n","protected":false},"author":2,"featured_media":0,"parent":0,"menu_order":0,"comment_status":"closed","ping_status":"open","template":"","meta":{"footnotes":""},"class_list":["post-2","page","type-page","status-publish","hentry","entry","no-media"],"_links":{"self":[{"href":"https:\/\/alicemusiol.com\/de\/wp-json\/wp\/v2\/pages\/2","targetHints":{"allow":["GET"]}}],"collection":[{"href":"https:\/\/alicemusiol.com\/de\/wp-json\/wp\/v2\/pages"}],"about":[{"href":"https:\/\/alicemusiol.com\/de\/wp-json\/wp\/v2\/types\/page"}],"author":[{"embeddable":true,"href":"https:\/\/alicemusiol.com\/de\/wp-json\/wp\/v2\/users\/2"}],"replies":[{"embeddable":true,"href":"https:\/\/alicemusiol.com\/de\/wp-json\/wp\/v2\/comments?post=2"}],"version-history":[{"count":209,"href":"https:\/\/alicemusiol.com\/de\/wp-json\/wp\/v2\/pages\/2\/revisions"}],"predecessor-version":[{"id":2283,"href":"https:\/\/alicemusiol.com\/de\/wp-json\/wp\/v2\/pages\/2\/revisions\/2283"}],"wp:attachment":[{"href":"https:\/\/alicemusiol.com\/de\/wp-json\/wp\/v2\/media?parent=2"}],"curies":[{"name":"wp","href":"https:\/\/api.w.org\/{rel}","templated":true}]}}