{"id":1409,"date":"2020-12-04T13:20:47","date_gmt":"2020-12-04T12:20:47","guid":{"rendered":"https:\/\/alicemusiol.com\/de\/?page_id=1409"},"modified":"2024-09-07T15:09:39","modified_gmt":"2024-09-07T13:09:39","slug":"cv","status":"publish","type":"page","link":"https:\/\/alicemusiol.com\/de\/cv\/","title":{"rendered":"CV"},"content":{"rendered":"<div class=\"wpb-content-wrapper\">[vc_row][vc_column width=&#8220;1\/4&#8243;][vc_single_image image=&#8220;636&#8243;][\/vc_column][vc_column width=&#8220;3\/4&#8243;][vc_column_text font_family=&#8220;Arial, Helvetica, sans-serif&#8220;]Das Werk von Alice Musiol umfasst ein breites\u00a0Spektrum an Medien: Zeichnungen,\u00a0Druckgrafik, Wandarbeiten, Objekte, Skulpturen, Installationen, Projektionen \u2013 bis auf klassische Malerei und Fotografie kommt nahezu alles vor, was zeitgen\u00f6ssischer Kunst an Ausdrucksformen zu Verf\u00fcgung steht. Im Zentrum steht dabei weniger das Medium, sondern vielmehr eine grunds\u00e4tzliche Haltung, die zu einer Arbeit f\u00fchrt.<\/p>\n<p>Obgleich sich Musiol in hohem Ma\u00dfe auf\u00a0Situationen, R\u00e4ume, auf ein Repertoire von Vorhandenem \u2013 Material, Gegenst\u00e4nde, Arbeitsm\u00f6glichkeiten etc. \u2013 einl\u00e4sst, steht\u00a0der Bezug zu ihrer eigenen Identit\u00e4t, zu ihrer Biografie und K\u00f6rpererfahrung, zu ihren eigenen Zeitma\u00dfst\u00e4ben und den damit verbundenen M\u00f6glichkeiten immer im Mittelpunkt ihres Schaffens.<\/p>\n<p><em>Dr. Reinhard Spieler, Sprengel Museum Hannover<\/em>[\/vc_column_text][vc_empty_space height=&#8220;24px&#8220;][vc_column_text]<h2 id=\"tablepress-1-name\" class=\"tablepress-table-name tablepress-table-name-id-1\">Vita<\/h2>\n\n<table id=\"tablepress-1\" class=\"tablepress tablepress-id-1\" aria-labelledby=\"tablepress-1-name\">\n<tbody>\n<tr class=\"row-1\">\n\t<td class=\"column-1\">1971<\/td><td class=\"column-2\">geboren in Kattowitz, lebt und arbeitet in K\u00f6ln<\/td>\n<\/tr>\n<\/tbody>\n<\/table>\n<!-- #tablepress-1 from cache -->\n<h2 id=\"tablepress-2-name\" class=\"tablepress-table-name tablepress-table-name-id-2\">Studium<\/h2>\n\n<table id=\"tablepress-2\" class=\"tablepress tablepress-id-2\" aria-labelledby=\"tablepress-2-name\">\n<tbody>\n<tr class=\"row-1\">\n\t<td class=\"column-1\">1996-99<\/td><td class=\"column-2\">Kunstakademie D\u00fcsseldorf bei Prof. A.R. Penck, Meistersch\u00fclerin<\/td>\n<\/tr>\n<tr class=\"row-2\">\n\t<td class=\"column-1\">1993-96<\/td><td class=\"column-2\">Academie Beeldende Kunsten, Maastricht<\/td>\n<\/tr>\n<\/tbody>\n<\/table>\n<!-- #tablepress-2 from cache -->\n<h2 id=\"tablepress-3-name\" class=\"tablepress-table-name tablepress-table-name-id-3\">Preise und Stipendien (Auswahl)<\/h2>\n\n<table id=\"tablepress-3\" class=\"tablepress tablepress-id-3\" aria-labelledby=\"tablepress-3-name\">\n<tbody>\n<tr class=\"row-1\">\n\t<td class=\"column-1\">2024<\/td><td class=\"column-2\">Jahresk\u00fcnstlerin bei P\u00fctz-Roth, Bergisch-Gladbach<\/td>\n<\/tr>\n<tr class=\"row-2\">\n\t<td class=\"column-1\">2024<\/td><td class=\"column-2\">Frans Masereel Centrum, Kasterlee<\/td>\n<\/tr>\n<tr class=\"row-3\">\n\t<td class=\"column-1\">2023<\/td><td class=\"column-2\">NEUSTARTplus, Stiftung Kunstfonds<\/td>\n<\/tr>\n<tr class=\"row-4\">\n\t<td class=\"column-1\">2022<\/td><td class=\"column-2\">Projektstipendium des Ministeriums f\u00fcr Kultur und Wissenschaft des Landes NRW<\/td>\n<\/tr>\n<tr class=\"row-5\">\n\t<td class=\"column-1\">2021<\/td><td class=\"column-2\">Projektstipendium des Ministeriums f\u00fcr Kultur und Wissenschaft des Landes NRW<\/td>\n<\/tr>\n<tr class=\"row-6\">\n\t<td class=\"column-1\">2020<\/td><td class=\"column-2\">NEUSTART Kultur, Stiftung Kunstfonds<\/td>\n<\/tr>\n<tr class=\"row-7\">\n\t<td class=\"column-1\">2017<\/td><td class=\"column-2\">Deutsche Akademie Rom Casa Baldi<\/td>\n<\/tr>\n<tr class=\"row-8\">\n\t<td class=\"column-1\">2013-15<\/td><td class=\"column-2\">Dorothea-Erxleben-Programm f\u00fcr Bildhauerei des Landes Niedersachsen<\/td>\n<\/tr>\n<tr class=\"row-9\">\n\t<td class=\"column-1\">2012<\/td><td class=\"column-2\">Theodor-K\u00f6rner-Fonds, Wien<\/td>\n<\/tr>\n<tr class=\"row-10\">\n\t<td class=\"column-1\">2006<\/td><td class=\"column-2\">Pr\u00e4senz vor Ort des Landes NRW<\/td>\n<\/tr>\n<tr class=\"row-11\">\n\t<td class=\"column-1\">2003<\/td><td class=\"column-2\">Projektstipendium der Kunststiftung NRW, Aufenthalt in Kanada<\/td>\n<\/tr>\n<tr class=\"row-12\">\n\t<td class=\"column-1\">1999<\/td><td class=\"column-2\">Transfer, K\u00fcnstleraustausch Nordspanien\/NRW des Kultursekretariats NRW<\/td>\n<\/tr>\n<tr class=\"row-13\">\n\t<td class=\"column-1\">1998<\/td><td class=\"column-2\">Kunstpreis der Stadt Bonn<\/td>\n<\/tr>\n<tr class=\"row-14\">\n\t<td class=\"column-1\">1995-96<\/td><td class=\"column-2\">Erasmus-Stipendium, Nuova Accademia di Belle Arti, Mailand<\/td>\n<\/tr>\n<\/tbody>\n<\/table>\n<!-- #tablepress-3 from cache -->\n<h2 id=\"tablepress-4-name\" class=\"tablepress-table-name tablepress-table-name-id-4\">Lehre<\/h2>\n\n<table id=\"tablepress-4\" class=\"tablepress tablepress-id-4\" aria-labelledby=\"tablepress-4-name\">\n<tbody>\n<tr class=\"row-1\">\n\t<td class=\"column-1\">2013-15<\/td><td class=\"column-2\">Lehrauftrag an der HBK Braunschweig<\/td>\n<\/tr>\n<tr class=\"row-2\">\n\t<td class=\"column-1\">2012<\/td><td class=\"column-2\">Gastdozentin an der Freien Kunstakademie Mannheim<\/td>\n<\/tr>\n<\/tbody>\n<\/table>\n<!-- #tablepress-4 from cache -->\n<h2 id=\"tablepress-5-name\" class=\"tablepress-table-name tablepress-table-name-id-5\">Kuratorische Projekte<\/h2>\n\n<table id=\"tablepress-5\" class=\"tablepress tablepress-id-5\" aria-labelledby=\"tablepress-5-name\">\n<tbody>\n<tr class=\"row-1\">\n\t<td class=\"column-1\">2015<\/td><td class=\"column-2\"><strong>Inversion<\/strong>, Museum Abtei Liesborn, ein Ausstellungsprojekt mit Studierenden der HBK Braunschweig (K)<\/td>\n<\/tr>\n<tr class=\"row-2\">\n\t<td class=\"column-1\">2014<\/td><td class=\"column-2\"><strong><a href=\"http:\/\/homestreethomebs.de\" target=\"_blank\" rel=\"noopener noreferrer\">HOME Street HOME<\/a><\/strong>, ein Ausstellungsprojekt mit Studierenden der HBK Braunschweig<\/td>\n<\/tr>\n<tr class=\"row-3\">\n\t<td class=\"column-1\">2012<\/td><td class=\"column-2\"><strong>Projektionen im Bad<\/strong>, Herschelbad, ein Ausstellungsprojekt mit Studierenden der Freien Kunstakademie Mannheim<\/td>\n<\/tr>\n<\/tbody>\n<\/table>\n<!-- #tablepress-5 from cache -->\n<h2 id=\"tablepress-6-name\" class=\"tablepress-table-name tablepress-table-name-id-6\">Vortr\u00e4ge \/ Werkgespr\u00e4che (Auswahl)<\/h2>\n\n<table id=\"tablepress-6\" class=\"tablepress tablepress-id-6\" aria-labelledby=\"tablepress-6-name\">\n<tbody>\n<tr class=\"row-1\">\n\t<td class=\"column-1\">2024<\/td><td class=\"column-2\">Hochschule Hannover, <br \/>\nFakult\u00e4t Medien, Information und Design<\/td>\n<\/tr>\n<tr class=\"row-2\">\n\t<td class=\"column-1\">2022<\/td><td class=\"column-2\">Universit\u00e4t Osnabr\u00fcck, Fakult\u00e4t Kunst\/Kunstp\u00e4dagogik<\/td>\n<\/tr>\n<tr class=\"row-3\">\n\t<td class=\"column-1\">2019<\/td><td class=\"column-2\">Hochschule D\u00fcsseldorf, Fakult\u00e4t Kultur- und Sozialwissenschaften<\/td>\n<\/tr>\n<tr class=\"row-4\">\n\t<td class=\"column-1\">2018<\/td><td class=\"column-2\">Technische Universit\u00e4t Dortmund, Fakult\u00e4t Kunst- und Sportwissenschaften<\/td>\n<\/tr>\n<tr class=\"row-5\">\n\t<td class=\"column-1\">2017<\/td><td class=\"column-2\">Hochschule Trier<br \/>\n<\/td>\n<\/tr>\n<tr class=\"row-6\">\n\t<td class=\"column-1\">2015<\/td><td class=\"column-2\">Hochschule der bildenden K\u00fcnste Essen<\/td>\n<\/tr>\n<tr class=\"row-7\">\n\t<td class=\"column-1\">2013<\/td><td class=\"column-2\">Hochschule f\u00fcr Bildende K\u00fcnste Braunschweig<\/td>\n<\/tr>\n<tr class=\"row-8\">\n\t<td class=\"column-1\">2012<\/td><td class=\"column-2\">Freie Kunstakademie Mannheim<\/td>\n<\/tr>\n<\/tbody>\n<\/table>\n<!-- #tablepress-6 from cache -->\n<p><strong>ARBEITEN IN SAMMLUNGEN<br \/>\n<\/strong>Sprengel Museum Hannover<br \/>\nKunstmuseum Villa Zanders, Bergisch-Gladbach<br \/>\nWilhelm-Hack-Museum, Ludwigshafen<br \/>\nGalerie der Stadt Backnang<br \/>\nSammlung Wolfgang Hanck, Museum Kunstpalast, D\u00fcsseldorf<br \/>\nSammlung Peter Tedden, D\u00fcsseldorf\/Oberhausen<br \/>\nHannover R\u00fcck SE<br \/>\nDeutscher Herold, Bonn<\/p>\n<h2 id=\"tablepress-7-name\" class=\"tablepress-table-name tablepress-table-name-id-7\">Kunst am Bau<\/h2>\n\n<table id=\"tablepress-7\" class=\"tablepress tablepress-id-7\" aria-labelledby=\"tablepress-7-name\">\n<tbody>\n<tr class=\"row-1\">\n\t<td class=\"column-1\">2018<\/td><td class=\"column-2\">Jugend- und Familienzentrum Berlin Wedding, 2.Platz<\/td>\n<\/tr>\n<\/tbody>\n<\/table>\n<!-- #tablepress-7 from cache -->[\/vc_column_text][\/vc_column][\/vc_row]\n<\/div>","protected":false},"excerpt":{"rendered":"<p>[vc_row][vc_column width=&#8220;1\/4&#8243;][vc_single_image image=&#8220;636&#8243;][\/vc_column][vc_column width=&#8220;3\/4&#8243;][vc_column_text font_family=&#8220;Arial, Helvetica, sans-serif&#8220;]Das Werk von Alice Musiol umfasst ein breites\u00a0Spektrum an Medien: Zeichnungen,\u00a0Druckgrafik, Wandarbeiten, Objekte, Skulpturen, Installationen, Projektionen \u2013 bis auf klassische Malerei und Fotografie kommt nahezu alles vor, was zeitgen\u00f6ssischer Kunst an Ausdrucksformen zu Verf\u00fcgung steht. Im Zentrum steht dabei weniger das Medium, sondern vielmehr eine grunds\u00e4tzliche Haltung, die zu&hellip;<\/p>\n","protected":false},"author":2,"featured_media":0,"parent":0,"menu_order":0,"comment_status":"closed","ping_status":"closed","template":"","meta":{"footnotes":""},"class_list":["post-1409","page","type-page","status-publish","hentry","entry","no-media"],"_links":{"self":[{"href":"https:\/\/alicemusiol.com\/de\/wp-json\/wp\/v2\/pages\/1409","targetHints":{"allow":["GET"]}}],"collection":[{"href":"https:\/\/alicemusiol.com\/de\/wp-json\/wp\/v2\/pages"}],"about":[{"href":"https:\/\/alicemusiol.com\/de\/wp-json\/wp\/v2\/types\/page"}],"author":[{"embeddable":true,"href":"https:\/\/alicemusiol.com\/de\/wp-json\/wp\/v2\/users\/2"}],"replies":[{"embeddable":true,"href":"https:\/\/alicemusiol.com\/de\/wp-json\/wp\/v2\/comments?post=1409"}],"version-history":[{"count":16,"href":"https:\/\/alicemusiol.com\/de\/wp-json\/wp\/v2\/pages\/1409\/revisions"}],"predecessor-version":[{"id":2059,"href":"https:\/\/alicemusiol.com\/de\/wp-json\/wp\/v2\/pages\/1409\/revisions\/2059"}],"wp:attachment":[{"href":"https:\/\/alicemusiol.com\/de\/wp-json\/wp\/v2\/media?parent=1409"}],"curies":[{"name":"wp","href":"https:\/\/api.w.org\/{rel}","templated":true}]}}